{"id":47,"date":"2022-10-15T19:41:35","date_gmt":"2022-10-15T19:41:35","guid":{"rendered":"https:\/\/www.fiptreatmentturkey.com\/?page_id=47"},"modified":"2022-10-17T22:31:36","modified_gmt":"2022-10-17T22:31:36","slug":"fip","status":"publish","type":"page","link":"https:\/\/www.fiptreatmentturkey.com\/tr\/fip\/","title":{"rendered":"FIP"},"content":{"rendered":"<h3>FIP Nedir?<\/h3>\n<p>Kedi Enfeksiy\u00f6z Peritoniti (FIP), kedilerde s\u0131kl\u0131kla g\u00f6r\u00fclebilen, insanlara bula\u015fmayan fakat kediler i\u00e7in d\u00fc\u015f\u00fck d\u00fczeyde bula\u015f\u0131c\u0131 ve y\u00fcksek d\u00fczeyde \u00f6l\u00fcmc\u00fcl olabilecek bir hastal\u0131kt\u0131r. Islak ve kuru formu olan FIP hastal\u0131\u011f\u0131 kedi koronavir\u00fcs\u00fc olarak da bilinir. FIP, kedinizin ba\u011f\u0131\u015f\u0131kl\u0131k sisteminin zay\u0131f olmas\u0131, ya\u015fad\u0131\u011f\u0131 ortam\u0131n steril olmamas\u0131 ve varsa di\u011fer kedilerle olan etkile\u015fimi ile do\u011fru orant\u0131l\u0131d\u0131r.<\/p>\n<h3>FIP Hastal\u0131\u011f\u0131n\u0131n Sebepleri Nelerdir ve Nas\u0131l Olu\u015fur?<\/h3>\n<p>FIP hastal\u0131\u011f\u0131n\u0131n ba\u015fl\u0131ca sebeplerinden birisi kedinizin ba\u015fka bir kedi ile olan temas\u0131d\u0131r. Bunun yan\u0131 s\u0131ra bu hastal\u0131k kedinizin ba\u011f\u0131\u015f\u0131kl\u0131k sisteminin zay\u0131f olu\u015fu ve ya\u015fad\u0131\u011f\u0131 ortam\u0131n steril olmay\u0131\u015f\u0131ndan da kaynaklanabilir. FIP \u00e7o\u011funlukla salya ve d\u0131\u015fk\u0131dan bula\u015fmaktad\u0131r.  Ayr\u0131ca e\u011fer kedi bah\u00e7e ortam\u0131nda ya\u015f\u0131yorsa temas etti\u011fi herhangi bir cisimden de bu hastal\u0131\u011f\u0131 kapabilir.<\/p>\n<p>Birden fazla kedi besleyen kedi sahipleri genellikle ortak su ve mama kab\u0131 kullanmaktad\u0131r ve bu durum kediniz i\u00e7in steril olmayan bir ortam yarat\u0131p hastal\u0131klara yol a\u00e7maktad\u0131r. FIP bunlardan birisidir. E\u011fer birden fazla kediniz varsa ve ortak su-mama kab\u0131 kullan\u0131yorsan\u0131z, kediniz steril bir ortamda ya\u015famad\u0131\u011f\u0131 i\u00e7in ba\u011f\u0131\u015f\u0131kl\u0131k sistemi zay\u0131flayacak ve ya\u015fad\u0131\u011f\u0131 ortam hastal\u0131k kapmak i\u00e7in uygun bir hale gelecek.<\/p>\n<h3>FIP Belirtileri Nelerdir?<\/h3>\n<p>FIP belirtileri de\u011fi\u015febilir, ancak s\u0131kl\u0131kla y\u00fckselen ve d\u00fc\u015fen ate\u015f, i\u015ftahs\u0131zl\u0131k ve enerji kayb\u0131n\u0131 i\u00e7erir. Zaman ge\u00e7tik\u00e7e, enfekte olan kediler, FIP'in \u015fekline ba\u011fl\u0131 olarak daha fazla FIP semptomuna sahip olabilir.<\/p>\n<p>FIP \"\u0131slak\" ve \"kuru\" bir bir forma sahiptir. Enfekte olan kedilerde yaln\u0131zca bir formda veya her ikisinin bir kombinasyonunda semptomlar olabilir<\/p>\n<p><strong>Islak form:<\/strong> Hastal\u0131\u011f\u0131n bu formunda kar\u0131nda s\u0131v\u0131 birikir ve bu da g\u00f6bekli bir g\u00f6r\u00fcn\u00fcme neden olur. G\u00f6\u011f\u00fcste s\u0131v\u0131 birikerek kedinin nefes almas\u0131n\u0131 zorla\u015ft\u0131rabilir. FIP'nin bu formu kan damarlar\u0131na zarar vererek iltihaplanmaya ve kandan kar\u0131n ve g\u00f6\u011fse s\u0131v\u0131 s\u0131zmas\u0131na neden olur.<\/p>\n<p><strong>Kuru form:<\/strong> FIP'in kuru formu, bir kedinin v\u00fccudundaki kan damarlar\u0131n\u0131n \u00e7evresinde enfeksiyona ve inflamatuar lezyonlara neden olur. Bu enfeksiyon beyni, karaci\u011feri, b\u00f6brekleri, akci\u011ferleri ve cildi etkileyebilir. Bu form genellikle kedinin n\u00f6bet ge\u00e7irmesine ve anormal veya koordine olmayan bir \u015fekilde hareket etmesine neden olur. Baz\u0131 durumlarda, kedilerde a\u015f\u0131r\u0131 susuzluk ve idrara \u00e7\u0131kma, kusma, kilo kayb\u0131 ve sar\u0131l\u0131k da olabilir.<\/p>\n<p>Bir kedi her iki formda da FIP'ye sahip oldu\u011funda, semptomlar zamanla daha da k\u00f6t\u00fcle\u015fme e\u011filimindedir. Bunun sonucunda FIP tedavisi s\u00fcreci ge\u00e7ti\u011fi i\u00e7in kedinin uyutulmas\u0131 (\u00d6tenazi) gerekebilir.<\/p>\n<h3>FIP Tedavi S\u00fcreci<\/h3>\n<p>FIP hastal\u0131\u011f\u0131 tedavisi ve erken te\u015fhis olduk\u00e7a \u00f6nemlidir. Tedavi semptomatik olarak yap\u0131l\u0131r. Kedide g\u00f6r\u00fclen semptomlar sonucunda do\u011frudan veteriner klini\u011fine g\u00f6t\u00fcr\u00fclmesi hem kedi hem de tedavi s\u00fcreci i\u00e7in hayatidir. FIP ilac\u0131 diye kesin ve net bir ila\u00e7 yoktur. Bu tedavide kullan\u0131lan baz\u0131 y\u00f6ntemler \u015funlard\u0131r;<\/p>\n<ul>\n<li>Ba\u011f\u0131\u015f\u0131kl\u0131k sistemi g\u00fc\u00e7lendirici ila\u00e7 takviyesi<\/li>\n<li>\u0130nterferonlar<\/li>\n<li>Vitamin k\u00fcrleri<\/li>\n<li>C vitamin deste\u011fi<\/li>\n<li>Antibiyotik deste\u011fi<\/li>\n<li>GS441524 ilac\u0131<\/li>\n<\/ul>\n<p>Bu ila\u00e7lar kullan\u0131larak kedinin ba\u011f\u0131\u015f\u0131kl\u0131k sistemini g\u00fc\u00e7lendirmek ve semptomlara g\u00f6re tedavi edilmesi ama\u00e7lanmaktad\u0131r. Bunun yan\u0131 s\u0131ra sa\u011fl\u0131kl\u0131 ve dengeli beslenme de \u00e7ok \u00f6nemlidir.<\/p>\n<p><strong>Kedilerin FIP Hastal\u0131\u011f\u0131na Yakalanmamas\u0131 i\u00e7in Yap\u0131lmas\u0131 Gerekenler Nelerdir?<\/strong><\/p>\n<p>FIP hastal\u0131\u011f\u0131n geli\u015fimine katk\u0131da bulunan bir\u00e7ok fakt\u00f6r vard\u0131r. Bar\u0131naklar veya \u00e7ok kedili evler gibi stresli ko\u015fullarda bulunan kedilerin, FIP geli\u015fimi i\u00e7in artan bir risk alt\u0131nda oldu\u011fu g\u00f6sterilmi\u015ftir. Fakat bunu \u00f6nlemek i\u00e7in al\u0131nabilecek baz\u0131 \u00f6nlemler vard\u0131r. Bunlar;<\/p>\n<ul>\n<li>Kedinin d\u00fczenli olarak veteriner taraf\u0131ndan kontrol edilmesi<\/li>\n<li>Kedi a\u015f\u0131lar\u0131n\u0131n tam olmas\u0131 ve d\u00fczenli olarak yapt\u0131r\u0131lmas\u0131<br \/>\nKedinin kum kab\u0131n\u0131n g\u00fcnl\u00fck olarak temizlenmesi ve ayr\u0131ca mama ve su kaplar\u0131ndan uza\u011fa yerle\u015ftirilmesi<\/li>\n<li>Kedinin vitaminlerle desteklenmesi<br \/>\nDi\u011fer kedilerle m\u00fcmk\u00fcnse ayn\u0131 ortamda bulunmamas\u0131, m\u00fcmk\u00fcn de\u011filse ayr\u0131 kum, mama ve su kaplar\u0131n\u0131n olmas\u0131 al\u0131nmas\u0131 gereken ba\u015fl\u0131ca \u00f6nemlerden baz\u0131lar\u0131d\u0131r.<\/li>\n<\/ul>","protected":false},"excerpt":{"rendered":"<p>What is FIP? Feline Infectious Peritonitis (FIP) is a disease that can be seen frequently in cats, which is not contagious to humans but can be low contagious and highly fatal for cats. FIP disease, which has a wet and dry form, is also known as feline coronavirus. FIP is directly proportional to your cat&#8217;s&hellip;<\/p>","protected":false},"author":1,"featured_media":0,"parent":0,"menu_order":0,"comment_status":"closed","ping_status":"closed","template":"","meta":{"footnotes":""},"class_list":["post-47","page","type-page","status-publish","hentry","description-off"],"_links":{"self":[{"href":"https:\/\/www.fiptreatmentturkey.com\/tr\/wp-json\/wp\/v2\/pages\/47","targetHints":{"allow":["GET"]}}],"collection":[{"href":"https:\/\/www.fiptreatmentturkey.com\/tr\/wp-json\/wp\/v2\/pages"}],"about":[{"href":"https:\/\/www.fiptreatmentturkey.com\/tr\/wp-json\/wp\/v2\/types\/page"}],"author":[{"embeddable":true,"href":"https:\/\/www.fiptreatmentturkey.com\/tr\/wp-json\/wp\/v2\/users\/1"}],"replies":[{"embeddable":true,"href":"https:\/\/www.fiptreatmentturkey.com\/tr\/wp-json\/wp\/v2\/comments?post=47"}],"version-history":[{"count":0,"href":"https:\/\/www.fiptreatmentturkey.com\/tr\/wp-json\/wp\/v2\/pages\/47\/revisions"}],"wp:attachment":[{"href":"https:\/\/www.fiptreatmentturkey.com\/tr\/wp-json\/wp\/v2\/media?parent=47"}],"curies":[{"name":"wp","href":"https:\/\/api.w.org\/{rel}","templated":true}]}}