{"id":15,"date":"2022-10-15T12:01:43","date_gmt":"2022-10-15T12:01:43","guid":{"rendered":"https:\/\/www.fiptreatmentturkey.com\/?page_id=15"},"modified":"2022-10-21T21:17:13","modified_gmt":"2022-10-21T21:17:13","slug":"about-us","status":"publish","type":"page","link":"https:\/\/www.fiptreatmentturkey.com\/tr\/about-us\/","title":{"rendered":"Hakk\u0131m\u0131zda"},"content":{"rendered":"<div class=\"vc_row wpb_row vc_row-fluid\"><div class=\"wpb_column vc_column_container vc_col-sm-8\"><div class=\"vc_column-inner\"><div class=\"wpb_wrapper\">\n\t<div class=\"wpb_text_column wpb_content_element\" >\n\t\t<div class=\"wpb_wrapper\">\n\t\t\t<h2>Hakk\u0131m\u0131zda<\/h2>\n<p>Uzun y\u0131llar deneyime ve bilgi birikimine sahip, teknolojik geli\u015fimleri yak\u0131ndan takip eden ve h\u0131zl\u0131ca uyum sa\u011flayan veteriner hekimlerimizle birlikte sizlerin ve minik dostlar\u0131m\u0131z\u0131n yan\u0131nda olmaktan b\u00fcy\u00fck mutluluk duyuyoruz. Kolay ula\u015f\u0131labilirlik, can dostlar\u0131m\u0131z\u0131n sa\u011fl\u0131\u011f\u0131 ve hasta- hasta sahiplerinin memnuniyeti en b\u00fcy\u00fck \u00f6nceli\u011fimizdir.<\/p>\n<p>Muayene, te\u015fhis, tedavi ve pet kuaf\u00f6r hizmetlerimizle birlikte minik dostlar\u0131m\u0131z\u0131n ihtiyac\u0131 olan b\u00fct\u00fcn hizmetleri tek \u00e7at\u0131 alt\u0131nda sizlere sunmaktan gurur duyuyoruz. Premium kalitede olan ekipmanlar\u0131m\u0131z, kendini her t\u00fcrl\u00fc akademik geli\u015fmeler konusunda g\u00fcncel tutan ve her g\u00fcn geli\u015ftiren veteriner ekibimizle birlikte uygun ekonomik ko\u015fullarda, t\u0131bb\u0131n ula\u015ft\u0131\u011f\u0131 en \u00fcst seviyede sizlere hizmet vermekteyiz.<\/p>\n<p>Bunun yan\u0131nda net bir tedavi y\u00f6ntemi olmayan, te\u015fhisi ve tedavisinin olduk\u00e7a zor oldu\u011fu d\u00fc\u015f\u00fcn\u00fclen FIP gibi salg\u0131n hastal\u0131klarda 10 y\u0131l\u0131 a\u015fk\u0131n s\u00fcredir viral hastal\u0131klar konusunda uzmanla\u015fm\u0131\u015f ve olduk\u00e7a ba\u015far\u0131l\u0131 sonu\u00e7lar alm\u0131\u015f veteriner ekibimizle FIP hastal\u0131\u011f\u0131nda da sizlerin ve minik dostlar\u0131m\u0131z\u0131n yan\u0131nday\u0131z. En b\u00fcy\u00fck misyonu can dostlar\u0131m\u0131z\u0131n ya\u015fam kalitesi oldu\u011fu klini\u011fimizde her t\u00fcrl\u00fc ihtiyac\u0131n\u0131z\u0131n memnuniyetle kar\u015f\u0131lanaca\u011f\u0131n\u0131 bilmenizi isteriz.<\/p>\n\n\t\t<\/div>\n\t<\/div>\n<\/div><\/div><\/div><div class=\"wpb_column vc_column_container vc_col-sm-4\"><div class=\"vc_column-inner\"><div class=\"wpb_wrapper\">\n\t<div  class=\"wpb_single_image wpb_content_element vc_align_center\">\n\t\t\n\t\t<figure class=\"wpb_wrapper vc_figure\">\n\t\t\t<div class=\"vc_single_image-wrapper   vc_box_border_grey\"><img loading=\"lazy\" decoding=\"async\" width=\"1920\" height=\"2560\" src=\"https:\/\/www.fiptreatmentturkey.com\/wp-content\/uploads\/2022\/10\/image0-scaled.jpeg\" class=\"vc_single_image-img attachment-full\" alt=\"\" title=\"image0\" srcset=\"https:\/\/www.fiptreatmentturkey.com\/wp-content\/uploads\/2022\/10\/image0-scaled.jpeg 1920w, https:\/\/www.fiptreatmentturkey.com\/wp-content\/uploads\/2022\/10\/image0-225x300.jpeg 225w, https:\/\/www.fiptreatmentturkey.com\/wp-content\/uploads\/2022\/10\/image0-768x1024.jpeg 768w, https:\/\/www.fiptreatmentturkey.com\/wp-content\/uploads\/2022\/10\/image0-1152x1536.jpeg 1152w, https:\/\/www.fiptreatmentturkey.com\/wp-content\/uploads\/2022\/10\/image0-1536x2048.jpeg 1536w, https:\/\/www.fiptreatmentturkey.com\/wp-content\/uploads\/2022\/10\/image0-9x12.jpeg 9w\" sizes=\"auto, (max-width: 1920px) 100vw, 1920px\"  data-dt-location=\"https:\/\/www.fiptreatmentturkey.com\/tr\/about-us\/image0\/\" \/><\/div>\n\t\t<\/figure>\n\t<\/div>\n<\/div><\/div><\/div><\/div>","protected":false},"excerpt":{"rendered":"<p>About Us We are very happy to be with you and our little friends with our veterinarians, who have many years of experience and knowledge, closely follow technological developments and adapt quickly. Easy accessibility, the health of our dear friends and the satisfaction of patient-patient owners are our top priorities. We are proud to offer&hellip;<\/p>","protected":false},"author":1,"featured_media":0,"parent":0,"menu_order":0,"comment_status":"closed","ping_status":"closed","template":"","meta":{"footnotes":""},"class_list":["post-15","page","type-page","status-publish","hentry","description-off"],"_links":{"self":[{"href":"https:\/\/www.fiptreatmentturkey.com\/tr\/wp-json\/wp\/v2\/pages\/15","targetHints":{"allow":["GET"]}}],"collection":[{"href":"https:\/\/www.fiptreatmentturkey.com\/tr\/wp-json\/wp\/v2\/pages"}],"about":[{"href":"https:\/\/www.fiptreatmentturkey.com\/tr\/wp-json\/wp\/v2\/types\/page"}],"author":[{"embeddable":true,"href":"https:\/\/www.fiptreatmentturkey.com\/tr\/wp-json\/wp\/v2\/users\/1"}],"replies":[{"embeddable":true,"href":"https:\/\/www.fiptreatmentturkey.com\/tr\/wp-json\/wp\/v2\/comments?post=15"}],"version-history":[{"count":1,"href":"https:\/\/www.fiptreatmentturkey.com\/tr\/wp-json\/wp\/v2\/pages\/15\/revisions"}],"predecessor-version":[{"id":180,"href":"https:\/\/www.fiptreatmentturkey.com\/tr\/wp-json\/wp\/v2\/pages\/15\/revisions\/180"}],"wp:attachment":[{"href":"https:\/\/www.fiptreatmentturkey.com\/tr\/wp-json\/wp\/v2\/media?parent=15"}],"curies":[{"name":"wp","href":"https:\/\/api.w.org\/{rel}","templated":true}]}}